{"id":16,"date":"2025-04-16T17:13:49","date_gmt":"2025-04-16T17:13:49","guid":{"rendered":"https:\/\/yamanmuhendislik.com.tr\/?page_id=16"},"modified":"2025-06-03T11:24:29","modified_gmt":"2025-06-03T11:24:29","slug":"iletisim","status":"publish","type":"page","link":"https:\/\/yamanmuhendislik.com.tr\/index.php\/iletisim\/","title":{"rendered":"\u0130LET\u0130\u015e\u0130M"},"content":{"rendered":"","protected":false},"excerpt":{"rendered":"","protected":false},"author":1,"featured_media":0,"parent":0,"menu_order":0,"comment_status":"closed","ping_status":"closed","template":"","meta":{"footnotes":""},"class_list":["post-16","page","type-page","status-publish","hentry"],"_links":{"self":[{"href":"https:\/\/yamanmuhendislik.com.tr\/index.php\/wp-json\/wp\/v2\/pages\/16","targetHints":{"allow":["GET"]}}],"collection":[{"href":"https:\/\/yamanmuhendislik.com.tr\/index.php\/wp-json\/wp\/v2\/pages"}],"about":[{"href":"https:\/\/yamanmuhendislik.com.tr\/index.php\/wp-json\/wp\/v2\/types\/page"}],"author":[{"embeddable":true,"href":"https:\/\/yamanmuhendislik.com.tr\/index.php\/wp-json\/wp\/v2\/users\/1"}],"replies":[{"embeddable":true,"href":"https:\/\/yamanmuhendislik.com.tr\/index.php\/wp-json\/wp\/v2\/comments?post=16"}],"version-history":[{"count":5,"href":"https:\/\/yamanmuhendislik.com.tr\/index.php\/wp-json\/wp\/v2\/pages\/16\/revisions"}],"predecessor-version":[{"id":296,"href":"https:\/\/yamanmuhendislik.com.tr\/index.php\/wp-json\/wp\/v2\/pages\/16\/revisions\/296"}],"wp:attachment":[{"href":"https:\/\/yamanmuhendislik.com.tr\/index.php\/wp-json\/wp\/v2\/media?parent=16"}],"curies":[{"name":"wp","href":"https:\/\/api.w.org\/{rel}","templated":true}]}}